{"id":27,"date":"2013-02-21T13:54:31","date_gmt":"2013-02-21T11:54:31","guid":{"rendered":"http:\/\/www.ferienwohnung-wrede.de\/?page_id=27"},"modified":"2022-03-07T21:04:33","modified_gmt":"2022-03-07T19:04:33","slug":"impressum","status":"publish","type":"page","link":"https:\/\/www.ferienwohnung-wrede.de\/?page_id=27","title":{"rendered":"Impressum"},"content":{"rendered":"<p>&nbsp;<\/p>\n<p>Verantwortlich f\u00fcr diese Seiten:<\/p>\n<p>&nbsp;<\/p>\n<p>Ferienwohnung Wrede am SauerlandRadring<\/p>\n<p>Ingrid und Benedikt Wrede<\/p>\n<p>S\u00fcdstra\u00dfe 45<\/p>\n<p>59889 Eslohe-Wenholthausen<\/p>\n<p>Tel.: 02973 \/ 975838 oder 0175-3284126<\/p>\n<p>&nbsp;<\/p>\n<p>E-Mail: few.wrede@gmx.de<\/p>\n<p>&nbsp;<\/p>\n<p>&nbsp;<\/p>\n<p><strong>Haftungshinweis<\/strong><\/p>\n<p>Trotz sorgf\u00e4ltiger inhaltlicher Kontrolle \u00fcbernehmen wir keine Haftung f\u00fcr die Inhalte externer Links. F\u00fcr den Inhalt der verlinkten Seiten sind ausschlie\u00dflich deren Betreiber verantwortlich.<\/p>\n<p>Copyright<\/p>\n<p>Das Layout der Homepage, die verwendeten Grafiken und Bilder, die Sammlung sowie die einzelnen Beitr\u00e4ge sind urheberrechtlich gesch\u00fctzt. Alle Rechte, auch die der fotomechanischen Wiedergabe, der Vervielf\u00e4ltigung und der Verbreitung mittels besonderer Verfahren (zum Beispiel Datenverarbeitung, Datentr\u00e4ger und Datennetze), auch teilweise, sind vorbehalten.. F\u00fcr etwaige Satzfehler sowie f\u00fcr die Richtigkeit der Eintragungen \u00fcbernehmen wir keine Gew\u00e4hr.<\/p>\n<p>&nbsp;<\/p>\n<p><strong>Links<\/strong><\/p>\n<p>Die Verfasser und Herausgeber dieser Homepage sind nicht verantwortlich f\u00fcr den Inhalt fremder Seiten, die von hier aus und den angeschlossenen Seiten verlinkt werden! F\u00fcr dessen Inhalt ist ausschlie\u00dflich der betreffende Autor selbst veranwortlich, da wir keinerlei Einflu\u00df auf die Gestaltung und die Inhalte der von hier gelinkten Seiten haben. Daher distanzieren wir uns vorsorglich und ausdr\u00fccklich von den Inhalten fremder Seiten gem\u00e4\u00df der Entscheidung des Landgerichts Hamburg (Gesch\u00e4ftsnummer: 312 O 85\/98, verk\u00fcndet am 12. Mai 1998). Diese Erkl\u00e4rung gilt auch f\u00fcr alle Inhalte der Seiten, zu denen Banner f\u00fchren.<\/p>\n<p>&nbsp;<\/p>\n<p><strong>Datenschutzerkl\u00e4rung f\u00fcr die Nutzung von Google Analytics<\/strong><\/p>\n<p>Diese Website benutzt Google Analytics, einen Webanalysedienst der Google Inc. (&#8222;Google&#8220;). Google Analytics verwendet sog. &#8222;Cookies&#8220;, Textdateien, die auf Ihrem Computer gespeichert werden und die eine Analyse der Benutzung der Website durch Sie erm\u00f6glichen. Die durch den Cookie erzeugten Informationen \u00fcber Ihre Benutzung dieser Website werden in der Regel an einen Server von Google in den USA \u00fcbertragen und dort gespeichert. Im Falle der Aktivierung der IP-Anonymisierung auf dieser Webseite wird Ihre IP-Adresse von Google jedoch innerhalb von Mitgliedstaaten der Europ\u00e4ischen Union oder in anderen Vertragsstaaten des Abkommens \u00fcber den Europ\u00e4ischen Wirtschaftsraum zuvor gek\u00fcrzt.<\/p>\n<p>Nur in Ausnahmef\u00e4llen wird die volle IP-Adresse an einen Server von Google in den USA \u00fcbertragen und dort gek\u00fcrzt. Im Auftrag des Betreibers dieser Website wird Google diese Informationen benutzen, um Ihre Nutzung der Website auszuwerten, um Reports \u00fcber die Websiteaktivit\u00e4ten zusammenzustellen und um weitere mit der Websitenutzung und der Internetnutzung verbundene Dienstleistungen gegen\u00fcber dem Websitebetreiber zu erbringen. Die im Rahmen von Google Analytics von Ihrem Browser \u00fcbermittelte IP-Adresse wird nicht mit anderen Daten von Google zusammengef\u00fchrt.<\/p>\n<p>Sie k\u00f6nnen die Speicherung der Cookies durch eine entsprechende Einstellung Ihrer Browser-Software verhindern; wir weisen Sie jedoch darauf hin, dass Sie in diesem Fall gegebenenfalls nicht s\u00e4mtliche Funktionen dieser Website vollumf\u00e4nglich werden nutzen k\u00f6nnen. Sie k\u00f6nnen dar\u00fcber hinaus die Erfassung der durch das Cookie erzeugten und auf Ihre Nutzung der Website bezogenen Daten (inkl. Ihrer IP-Adresse) an Google sowie die Verarbeitung dieser Daten durch Google verhindern, indem sie das unter dem folgenden Link verf\u00fcgbare Browser-Plugin herunterladen und installieren: <a href=\"http:\/\/tools.google.com\/dlpage\/gaoptout?hl=de\">http:\/\/tools.google.com\/dlpage\/gaoptout?hl=de<\/a>.<\/p>\n","protected":false},"excerpt":{"rendered":"<p>&nbsp; Verantwortlich f\u00fcr diese Seiten: &nbsp; Ferienwohnung Wrede am SauerlandRadring Ingrid und Benedikt Wrede S\u00fcdstra\u00dfe 45 59889 Eslohe-Wenholthausen Tel.: 02973 \/ 975838 oder 0175-3284126 &nbsp; E-Mail: few.wrede@gmx.de &nbsp; &nbsp; Haftungshinweis Trotz sorgf\u00e4ltiger inhaltlicher Kontrolle \u00fcbernehmen wir keine Haftung f\u00fcr die Inhalte externer Links. F\u00fcr den Inhalt der verlinkten Seiten sind ausschlie\u00dflich deren Betreiber verantwortlich. Copyright [&hellip;]<\/p>\n","protected":false},"author":1,"featured_media":0,"parent":0,"menu_order":0,"comment_status":"closed","ping_status":"closed","template":"","meta":{"ngg_post_thumbnail":0,"footnotes":""},"class_list":["post-27","page","type-page","status-publish","hentry","entry"],"_links":{"self":[{"href":"https:\/\/www.ferienwohnung-wrede.de\/index.php?rest_route=\/wp\/v2\/pages\/27","targetHints":{"allow":["GET"]}}],"collection":[{"href":"https:\/\/www.ferienwohnung-wrede.de\/index.php?rest_route=\/wp\/v2\/pages"}],"about":[{"href":"https:\/\/www.ferienwohnung-wrede.de\/index.php?rest_route=\/wp\/v2\/types\/page"}],"author":[{"embeddable":true,"href":"https:\/\/www.ferienwohnung-wrede.de\/index.php?rest_route=\/wp\/v2\/users\/1"}],"replies":[{"embeddable":true,"href":"https:\/\/www.ferienwohnung-wrede.de\/index.php?rest_route=%2Fwp%2Fv2%2Fcomments&post=27"}],"version-history":[{"count":11,"href":"https:\/\/www.ferienwohnung-wrede.de\/index.php?rest_route=\/wp\/v2\/pages\/27\/revisions"}],"predecessor-version":[{"id":553,"href":"https:\/\/www.ferienwohnung-wrede.de\/index.php?rest_route=\/wp\/v2\/pages\/27\/revisions\/553"}],"wp:attachment":[{"href":"https:\/\/www.ferienwohnung-wrede.de\/index.php?rest_route=%2Fwp%2Fv2%2Fmedia&parent=27"}],"curies":[{"name":"wp","href":"https:\/\/api.w.org\/{rel}","templated":true}]}}