{"id":2,"date":"2013-01-28T08:52:18","date_gmt":"2013-01-28T06:52:18","guid":{"rendered":"\/?page_id=2"},"modified":"2022-03-07T20:53:33","modified_gmt":"2022-03-07T18:53:33","slug":"beispiel-seite","status":"publish","type":"page","link":"https:\/\/www.ferienwohnung-wrede.de\/?page_id=2","title":{"rendered":"Wohnung"},"content":{"rendered":"<p>&nbsp;<\/p>\n<p><em><span style=\"font-size: 14px;\"><strong>Folgende Zimmer stehen Ihnen in unserer gem\u00fctlichen und ger\u00e4umigen Ferienwohnung zur Verf\u00fcgung:<\/strong><\/span><\/em><\/p>\n<p><em><span style=\"font-size: 14px;\"><strong>&nbsp;<\/strong><\/span><\/em><\/p>\n<p><span style=\"font-size: 14px;\">&nbsp;<\/span><\/p>\n<p><span style=\"font-size: 14px;\"><strong><a title=\"Wohnzimmer\" href=\"https:\/\/www.ferienwohnung-wrede.de\/?page_id=9\">Wohnzimmer<\/a><\/strong><\/span><\/p>\n<p><span style=\"font-size: 14px;\"><strong>&nbsp;<\/strong><\/span><\/p>\n<p><span style=\"font-size: 14px;\"><strong><a title=\"Schlafzimmer\" href=\"https:\/\/www.ferienwohnung-wrede.de\/?page_id=11\">Schlafzimmer<\/a>&nbsp; <br><\/strong><\/span><\/p>\n<p><span style=\"font-size: 14px;\"><strong>&nbsp;<\/strong><\/span><\/p>\n<p><span style=\"font-size: 14px;\"><strong><a title=\"K\u00fcche\" href=\"https:\/\/www.ferienwohnung-wrede.de\/?page_id=13\">K\u00fcche<\/a><\/strong><\/span><\/p>\n<p><span style=\"font-size: 14px;\"><strong>&nbsp;<\/strong><\/span><span style=\"font-size: 14px;\"><strong>&nbsp;<\/strong><\/span><span style=\"font-size: 14px;\"><strong>&nbsp;<\/strong><\/span><\/p>\n<p><span style=\"font-size: 14px;\"><strong><a title=\"Badezimmer\" href=\"https:\/\/www.ferienwohnung-wrede.de\/?page_id=109\">Badezimmer<\/a><\/strong><\/span><\/p>\n<p><span style=\"font-size: 14px;\">&nbsp;<\/span><\/p>\n<p><span style=\"font-size: 14px;\"><strong>Hier finden sie einige Bilder mit der Au\u00dfenansicht unseres Hauses<\/strong>:<\/span><\/p>\n<p>&nbsp;<\/p>\n<p><span style=\"font-size: 14px;\"><strong><a href=\"https:\/\/www.ferienwohnung-wrede.de\/?page_id=136\">Haus<\/a><\/strong><\/span><\/p>\n<p>&nbsp;<\/p>\n<p><em><strong>In der Wohnung darf nicht geraucht werden&nbsp;&nbsp;&#8211; hierf\u00fcr steht Ihnen unsere Terrasse zur Verf\u00fcgung.<\/strong><\/em><\/p>\n<p><em><strong> Haustiere sind nicht erw\u00fcnscht.<\/strong><\/em><\/p>\n\n\n<p><\/p>\n","protected":false},"excerpt":{"rendered":"<p>&nbsp; Folgende Zimmer stehen Ihnen in unserer gem\u00fctlichen und ger\u00e4umigen Ferienwohnung zur Verf\u00fcgung: &nbsp; &nbsp; Wohnzimmer &nbsp; Schlafzimmer&nbsp; &nbsp; K\u00fcche &nbsp;&nbsp;&nbsp; Badezimmer &nbsp; Hier finden sie einige Bilder mit der Au\u00dfenansicht unseres Hauses: &nbsp; Haus &nbsp; In der Wohnung darf nicht geraucht werden&nbsp;&nbsp;&#8211; hierf\u00fcr steht Ihnen unsere Terrasse zur Verf\u00fcgung. Haustiere sind nicht erw\u00fcnscht.<\/p>\n","protected":false},"author":1,"featured_media":0,"parent":0,"menu_order":0,"comment_status":"closed","ping_status":"closed","template":"","meta":{"ngg_post_thumbnail":0,"footnotes":""},"class_list":["post-2","page","type-page","status-publish","hentry","entry"],"_links":{"self":[{"href":"https:\/\/www.ferienwohnung-wrede.de\/index.php?rest_route=\/wp\/v2\/pages\/2","targetHints":{"allow":["GET"]}}],"collection":[{"href":"https:\/\/www.ferienwohnung-wrede.de\/index.php?rest_route=\/wp\/v2\/pages"}],"about":[{"href":"https:\/\/www.ferienwohnung-wrede.de\/index.php?rest_route=\/wp\/v2\/types\/page"}],"author":[{"embeddable":true,"href":"https:\/\/www.ferienwohnung-wrede.de\/index.php?rest_route=\/wp\/v2\/users\/1"}],"replies":[{"embeddable":true,"href":"https:\/\/www.ferienwohnung-wrede.de\/index.php?rest_route=%2Fwp%2Fv2%2Fcomments&post=2"}],"version-history":[{"count":30,"href":"https:\/\/www.ferienwohnung-wrede.de\/index.php?rest_route=\/wp\/v2\/pages\/2\/revisions"}],"predecessor-version":[{"id":546,"href":"https:\/\/www.ferienwohnung-wrede.de\/index.php?rest_route=\/wp\/v2\/pages\/2\/revisions\/546"}],"wp:attachment":[{"href":"https:\/\/www.ferienwohnung-wrede.de\/index.php?rest_route=%2Fwp%2Fv2%2Fmedia&parent=2"}],"curies":[{"name":"wp","href":"https:\/\/api.w.org\/{rel}","templated":true}]}}