{"id":19,"date":"2013-02-21T13:51:10","date_gmt":"2013-02-21T11:51:10","guid":{"rendered":"http:\/\/www.ferienwohnung-wrede.de\/?page_id=19"},"modified":"2022-03-04T13:47:23","modified_gmt":"2022-03-04T11:47:23","slug":"umgebung","status":"publish","type":"page","link":"https:\/\/www.ferienwohnung-wrede.de\/?page_id=19","title":{"rendered":"Freizeitgestaltung &#8211; Tipps"},"content":{"rendered":"<p>&nbsp;<\/p>\n<p><span style=\"font-size: 16px;\"><strong><span style=\"text-decoration: underline;\">Ski- und Rodellifte<\/span> <\/strong><\/span><\/p>\n<p><span style=\"font-size: 14px;\"><strong>In der Umgebung stehen Ihnen verschiedene Ski- und Rodellifte zur Verf\u00fcgung (z.B. Sellinghausen ca. 10 Min. mit&nbsp;dem&nbsp;<\/strong><strong>Auto, B\u00f6defeld&nbsp;ca. 20 <\/strong><strong>Min., Gellinghausen ca.&nbsp;<\/strong><strong>20&nbsp;<\/strong><strong>Min., Schmallenberg ca. 20 Min., usw.). (z.B.: <a href=\"http:\/\/www.skigebiet-hohe-lied.de\/\">www.skigebiet-hohe-lied.de<\/a>) <\/strong><\/span><\/p>\n<p>&nbsp;<\/p>\n<p><span style=\"font-size: 16px; text-decoration: underline;\"><strong>Hennesee<\/strong><\/span><\/p>\n<p><span style=\"font-size: 14px;\"><strong>Etwa 15 Min. Fahrtzeit bis zum sch\u00f6nen Hennesee als idealen Ausgangspunkt f\u00fcr Schwimmen, Rudern, Schifffahrt&nbsp; oder einem ausgedehnten Spaziergang m\u00fcssen Sie einplanen. (<a href=\"http:\/\/www.hennesee.de\/\">http:\/\/www.hennesee.de<\/a>)<\/strong><\/span><\/p>\n<p>&nbsp;<\/p>\n<p><span style=\"text-decoration: underline;\"><span style=\"font-size: 16px;\"><strong>Esselbad<\/strong><\/span><\/span><\/p>\n<p><span style=\"font-size: 14px;\"><strong>Das Esselbad in unserem Nahbarort Eslohe ist ein sch\u00f6nes und modernes Schwimmbad mit gro\u00dfem Schwimmbecken, Wasserrutsche, Dampfsauna, Textilsauna, Kinderbecken und Whirlpool; in der Sommersaison Freibad mit Beachvolleyball und gro\u00dfer Liegewiese (ca. 5 Min.). (<a href=\"http:\/\/www.eslohe.de\/web\/webseite.asp?ID=1008&amp;menue=35&amp;menue2=57\">www.eslohe.de\/web\/webseite.asp?ID=1008&amp;menue=35&amp;menue2=57<\/a>&amp;)<\/strong><\/span><\/p>\n<p>&nbsp;<\/p>\n<p><span style=\"text-decoration: underline;\"><span style=\"font-size: 16px;\"><strong><strong>DampfLandLeute \u2013 MUSEUM ESLOHE<\/strong><\/strong><\/span><\/span><\/p>\n<p><strong><span style=\"font-size: 14px;\">Hier finden Sie eine umfangreiche Maschinensammlung und volkskundliche Sammlungen mit vielen Informationen zu unserer Region, die sehr interessant aufgearbeitet sind&nbsp;und pr\u00e4sentiert werden. (<a href=\"http:\/\/www.museum-eslohe.de\/\">www.museum-eslohe.de<\/a>)<\/span><\/strong><\/p>\n<p>&nbsp;<\/p>\n<p><span style=\"text-decoration: underline;\"><strong><span style=\"font-size: 16px;\">Pit-Pat-Anlage und Minigolfplatz in Wenholthausen und in Eslohe<\/span><\/strong><\/span><\/p>\n<p><strong><span style=\"font-size: 14px;\">Ca. 400 Meter von unserer Ferienwohnung finden Sie eine Pit-Pat-Anlage (mit Kiosk) und in unserem Nachbarort Eslohe finden Sie eine Minigolfanlage mit bewirtschaftetem Kiosk. (<a href=\"http:\/\/www.mgceslohe.beepworld.de\/\">www.mgceslohe.beepworld.de<\/a>)<\/span><\/strong><\/p>\n<p>&nbsp;<\/p>\n<p><span style=\"font-size: 16px; text-decoration: underline;\"><strong>Tropfsteinh\u00f6hle in Attendorn (40 km) und Warstein (20 km)<\/strong><\/span><\/p>\n<p><span style=\"font-size: 14px;\"><strong>Besuchen Sie unterirdische Wunderwelten und staunen&nbsp;Sie \u00fcber&nbsp;&nbsp;Stalaktiten, Stalagmiten und Stalagmaten.&nbsp; (<a href=\"http:\/\/www.atta-hoehle.de\/\">www.atta-hoehle.de<\/a>; <a href=\"http:\/\/www.bilsteintal.de\/\">www.bilsteintal.de<\/a>)<\/strong><\/span><\/p>\n<p>&nbsp;<\/p>\n<p><strong><span style=\"text-decoration: underline;\"><span style=\"font-size: 16px;\">Schieferbergbau-Museum in Schmallenberg-Holthausen<\/span><\/span><span style=\"font-size: medium;\">&nbsp;<\/span><\/strong><\/p>\n<p><strong><span style=\"font-size: medium;\"><span style=\"font-size: 14px;\">Ungef\u00e4hr 15 Min. brauchen Sie, um die dieses Museum zu erreichen.&nbsp; <\/span><\/span><span style=\"font-size: 14px;\">Hier&nbsp;&#8222;erlebt der Besucher eine Vielzahl interessanter, bleibender Eindr\u00fccke aus dem fr\u00fcheren Leben im kurk\u00f6lnisch-gepr\u00e4gten Sauerland auf mehr als 2.500 qm Ausstellungsfl\u00e4che,&nbsp;in der nicht nur Freunde und Kenner der heimischen Kunst und Kultur voll und ganz auf ihre Kosten kommen.&#8220;&nbsp;<\/span><\/strong><strong><span style=\"font-size: medium;\">&nbsp;<span style=\"font-size: 14px;\">(<a href=\"http:\/\/www.schiefer-museum.de\/\">www.schiefer-museum.de<\/a>)<\/span><\/span><\/strong><\/p>\n<p>&nbsp;<\/p>\n<p><strong><span style=\"font-size: medium;\"><span style=\"font-size: 16px; text-decoration: underline;\">Besucherbergwerk Ramsbeck <\/span><\/span><\/strong><\/p>\n<p><span style=\"font-size: 14px;\"><strong>Dieses spannende Besucherbergwerk f\u00fchrt Sie in die Tiefen unsere Erde und informiert Sie \u00fcber das Bergwerk unter Tage (ca. 25 Min. entfernt). (<a href=\"http:\/\/www.sauerlaender-besucherbergwerk.de\/\">www.sauerlaender-besucherbergwerk.de<\/a>)<\/strong><\/span><\/p>\n<p>&nbsp;<\/p>\n<p><strong><span style=\"font-size: medium;\"><span style=\"font-size: 16px; text-decoration: underline;\">Karl-May-Festspiele in Elspe <\/span><\/span><\/strong><\/p>\n<p><span style=\"font-size: 14px;\"><strong>Nur 20 Minuten von Wenholthausen entfernt finden j\u00e4hrlich die Karl-May-Festsspiele in Elspe statt. Besuchen Sie Winnetou und Old Shatterhand!<\/strong> <strong>(<a href=\"http:\/\/www.elspe.de\/\">www.elspe.de<\/a>)<\/strong><\/span><\/p>\n<p>&nbsp;<\/p>\n<p><span style=\"font-size: 16px;\"><strong><span style=\"text-decoration: underline;\">Panoramapark bei Kirchhundem<\/span> <\/strong><\/span><\/p>\n<p><span style=\"font-size: 14px;\"><strong>Vielf\u00e4ltige Attraktionen und eine tolle Naturwelt erwarten&nbsp;Sie im Panoramapark in Kirchhundem &#8211; ca. 30 Min. Fahrtzeit.&nbsp;(<a href=\"http:\/\/www.panopark.de\/\">www.panopark.de<\/a>)<\/strong><\/span><\/p>\n<p>&nbsp;<\/p>\n<p><strong><span style=\"font-size: medium;\"><span style=\"font-size: 16px; text-decoration: underline;\">Fort-Fun-Abenteuerland in Bestwig-Wasserfall <\/span><\/span><\/strong><\/p>\n<p><strong><span style=\"font-size: 14px;\">Ein weiterer Freizeitpark in ca. 25 Min. Entfernung von unserer Ferienwohnung. (<a href=\"http:\/\/www.fortfun.de\/\">www.fortfun.de<\/a>)<\/span><\/strong><\/p>\n<p>&nbsp;<\/p>\n<p><strong><span style=\"font-size: 16px;\"><span style=\"text-decoration: underline;\">Sauerland-Bad<\/span> <\/span><\/strong><\/p>\n<p><strong><span style=\"font-size: medium;\">In diesem 15 Minuten entfernten Erlebnisbad mit separatem Saunabereich f\u00fchlt sich jung und alt wohl. Zwei au\u00dfergew\u00f6hnliche&nbsp;Rutschen werden Sie und Ihre Kinder oder Enkelkinder mit Sicherheit begeistern. <\/span><\/strong>(<a href=\"http:\/\/www.sauerland-bad.de\/\">www.sauerland-bad.de<\/a>)<\/p>\n<p>&nbsp;<\/p>\n<p><span style=\"font-size: 16px; text-decoration: underline;\"><strong>Thikos-Kinderland &#8211; <\/strong><\/span><span style=\"text-decoration: underline;\"><strong><span style=\"font-size: medium;\">die Spiel- und Spa\u00dfhalle f\u00fcr die ganze Familie <\/span><\/strong><\/span><\/p>\n<p><strong><span style=\"font-size: 14px;\">Nach 20 Minuten Fahrt erreichen Sie die ultimative Besch\u00e4ftigungshalle f\u00fcr Ihre Kinder. Vielf\u00e4ltige Spiel-, Sport- und Freizeitm\u00f6glichkeiten lassen die Zeit wie im Flug vergehen und sorgen f\u00fcr unbeschwerte Stunden.&nbsp; (<a href=\"http:\/\/www.thikos-kinderland.de\/\">www.thikos-kinderland.de<\/a>)<\/span><\/strong><\/p>\n<p>&nbsp;<\/p>\n<p><span style=\"font-size: medium;\">&nbsp;<\/span><\/p>\n<p><span style=\"color: #ffffff; font-size: 18px;\"><span style=\"color: #ff0000;\"><strong><span style=\"text-decoration: underline;\"><em>Unser besonderes Angebot<\/em><\/span><\/strong><\/span>:<\/span><\/p>\n<p><span style=\"font-size: 14px;\"><strong>Wir organisieren f\u00fcr Sie Tennistraining f\u00fcr Anf\u00e4nger oder Fortgeschrittene. Sprechen Sie uns an!!<\/strong><\/span><\/p>\n<p style=\"text-align: justify;\">&nbsp;<\/p>\n<p style=\"text-align: justify;\">&nbsp;<\/p>\n<p style=\"text-align: justify;\"><span style=\"font-size: 16px;\"><strong><span style=\"text-decoration: underline;\">Freizeitgestaltung in Wenholthausen direkt vor Ort<\/span>:<\/strong><\/span><\/p>\n<ul>\n<li><span style=\"font-size: 14px;\"><strong>Esmecke-Stausee mit Badem\u00f6glichkeit sowie ein Kiosk<\/strong><\/span><\/li>\n<li><span style=\"font-size: 14px;\"><strong>gro\u00dfer Eibel-Spielplatz mit Minigolf und Wildgehege<\/strong><\/span><\/li>\n<li><span style=\"font-size: 14px;\"><strong>Sauerland Radring ca. 50m von der Ferienwohnung entfernt<\/strong><\/span><\/li>\n<li><span style=\"font-size: 14px;\"><strong>viele Wanderwege im bzw. um den Ort herum gelegen<\/strong><\/span><\/li>\n<li><span style=\"font-size: 14px;\"><strong>Miniaturdorf \u201eHammerkotten\u201c in den W\u00e4ldern um Wenholthausen <\/strong><\/span><\/li>\n<li><span style=\"font-size: 14px;\"><strong>Erdenklangstra\u00dfe, in der Sie Musik lauschen k\u00f6nnen<\/strong><\/span><\/li>\n<li><span style=\"font-size: 14px;\"><strong>\u201eLauschgeist\u201c besichtigen<\/strong><\/span><\/li>\n<li><span style=\"font-size: 14px;\"><strong>Wassertretbecken<\/strong><\/span><\/li>\n<li><span style=\"font-size: 14px;\"><strong>Angelm\u00f6glichkeiten &#8211; Fliegenfischen<\/strong><\/span><\/li>\n<li><span style=\"font-size: 14px;\"><strong>\u201eWenneaue\u201c- Renaturierung eines Teilst\u00fcckes des Baches Wenne<\/strong><\/span><\/li>\n<li><span style=\"font-size: 14px;\"><strong>Brotbacken im alten Backhaus im alten Steinofen jeden Donnerstag<\/strong><\/span><\/li>\n<li><span style=\"font-size: 14px;\"><strong>Reitm\u00f6glichkeiten im Ort sowie Planwagenfahrten<\/strong><\/span><\/li>\n<li><span style=\"font-size: 14px;\"><strong>E-Bikes k\u00f6nnen im Ort ausgeliehen werden<\/strong><\/span><\/li>\n<li><strong><span style=\"font-size: 14px;\">uvm.<\/span><\/strong><\/li>\n<\/ul>\n<p>&nbsp;<\/p>\n<p><span style=\"font-size: 14px;\"><strong>Kostenloses Busfahren und viele Verg\u00fcnstigungen bei verschiedenen Attraktionen, Schwimmb\u00e4der, Museen uvm. erhalten Sie mit der SauerlandCard, welche Sie mit Zahlung der Kurtaxe erhalten.<\/strong><\/span><\/p>\n<p><span style=\"font-size: 14px;\"><strong>&nbsp;<\/strong><\/span><\/p>\n<p style=\"text-align: justify;\"><span style=\"font-size: 14px;\"><strong>Weitere Ausflugsziele finden Sie in einer Infomappe, die in der Ferienwohnung f\u00fcr Sie bereit liegt.<\/strong><\/span><\/p>\n<p style=\"text-align: justify;\">&nbsp;<\/p>\n<p style=\"text-align: justify;\">&nbsp;<\/p>\n<p style=\"text-align: justify;\"><strong><span style=\"font-size: 16px; text-decoration: underline;\">Links zu Ausflugszielen in der Umgebung:<\/span><\/strong><\/p>\n<p style=\"text-align: justify;\">&nbsp;<\/p>\n<p style=\"text-align: justify;\"><span style=\"font-size: 14px;\"><strong><a href=\"http:\/\/www.eslohe.de\">www.eslohe.de<\/a><\/strong><\/span><\/p>\n<p style=\"text-align: justify;\"><span style=\"font-size: 14px;\"><strong><a href=\"http:\/\/www.fortfun.de\">www.fortfun.de<\/a><\/strong><\/span><\/p>\n<p style=\"text-align: justify;\"><span style=\"font-size: 14px;\"><strong><a href=\"http:\/\/www.hennesee.de\">www.hennesee.de<\/a><\/strong><\/span><\/p>\n<p style=\"text-align: justify;\"><span style=\"font-size: 14px;\"><strong><a href=\"http:\/\/www.nass-arnsberg.de\">www.nass-arnsberg.de<\/a><\/strong><\/span><\/p>\n<p style=\"text-align: justify;\"><span style=\"font-size: 14px;\"><strong><a href=\"http:\/\/www.nordenau.de\">www.nordenau.de<\/a><\/strong><\/span><\/p>\n<p style=\"text-align: justify;\"><span style=\"font-size: 14px;\"><strong><a href=\"http:\/\/www.panoramapark.de\">www.panoramapark.de<\/a><\/strong><\/span><\/p>\n<p style=\"text-align: justify;\"><span style=\"font-size: 14px;\"><strong><a href=\"http:\/\/www.rothaarsteig.de\">www.rothaarsteig.de<\/a><\/strong><\/span><\/p>\n<p style=\"text-align: justify;\"><span style=\"font-size: 14px;\"><strong><a href=\"http:\/\/www.sauerlandbad.de\">www.sauerlandbad.de<\/a><\/strong><\/span><\/p>\n<p style=\"text-align: justify;\"><span style=\"font-size: 14px;\"><strong><a href=\"http:\/\/www.schmallenberger-sauerland.de\">www.schmallenberger-sauerland.de<\/a><\/strong><\/span><\/p>\n<p style=\"text-align: justify;\"><span style=\"font-size: 14px;\"><strong><a href=\"http:\/\/www.wenholthausen.de\/\">www.wenholthausen.de<\/a><\/strong><\/span><\/p>\n","protected":false},"excerpt":{"rendered":"<p>&nbsp; Ski- und Rodellifte In der Umgebung stehen Ihnen verschiedene Ski- und Rodellifte zur Verf\u00fcgung (z.B. Sellinghausen ca. 10 Min. mit&nbsp;dem&nbsp;Auto, B\u00f6defeld&nbsp;ca. 20 Min., Gellinghausen ca.&nbsp;20&nbsp;Min., Schmallenberg ca. 20 Min., usw.). (z.B.: www.skigebiet-hohe-lied.de) &nbsp; Hennesee Etwa 15 Min. Fahrtzeit bis zum sch\u00f6nen Hennesee als idealen Ausgangspunkt f\u00fcr Schwimmen, Rudern, Schifffahrt&nbsp; oder einem ausgedehnten Spaziergang m\u00fcssen [&hellip;]<\/p>\n","protected":false},"author":1,"featured_media":0,"parent":0,"menu_order":0,"comment_status":"closed","ping_status":"closed","template":"","meta":{"ngg_post_thumbnail":0,"footnotes":""},"class_list":["post-19","page","type-page","status-publish","hentry","entry"],"_links":{"self":[{"href":"https:\/\/www.ferienwohnung-wrede.de\/index.php?rest_route=\/wp\/v2\/pages\/19","targetHints":{"allow":["GET"]}}],"collection":[{"href":"https:\/\/www.ferienwohnung-wrede.de\/index.php?rest_route=\/wp\/v2\/pages"}],"about":[{"href":"https:\/\/www.ferienwohnung-wrede.de\/index.php?rest_route=\/wp\/v2\/types\/page"}],"author":[{"embeddable":true,"href":"https:\/\/www.ferienwohnung-wrede.de\/index.php?rest_route=\/wp\/v2\/users\/1"}],"replies":[{"embeddable":true,"href":"https:\/\/www.ferienwohnung-wrede.de\/index.php?rest_route=%2Fwp%2Fv2%2Fcomments&post=19"}],"version-history":[{"count":65,"href":"https:\/\/www.ferienwohnung-wrede.de\/index.php?rest_route=\/wp\/v2\/pages\/19\/revisions"}],"predecessor-version":[{"id":533,"href":"https:\/\/www.ferienwohnung-wrede.de\/index.php?rest_route=\/wp\/v2\/pages\/19\/revisions\/533"}],"wp:attachment":[{"href":"https:\/\/www.ferienwohnung-wrede.de\/index.php?rest_route=%2Fwp%2Fv2%2Fmedia&parent=19"}],"curies":[{"name":"wp","href":"https:\/\/api.w.org\/{rel}","templated":true}]}}